{"id":934,"date":"2019-09-19T12:54:26","date_gmt":"2019-09-19T12:54:26","guid":{"rendered":"http:\/\/beta.knihovnamb.cz\/?page_id=934"},"modified":"2019-09-27T08:26:18","modified_gmt":"2019-09-27T08:26:18","slug":"knihovni-rad","status":"publish","type":"page","link":"https:\/\/www.knihovnamb.cz\/?page_id=934","title":{"rendered":"Knihovn\u00ed \u0159\u00e1d"},"content":{"rendered":"\n<p><strong>V\u00fdtah z knihovn\u00edho \u0159\u00e1du knihovny<\/strong><\/p>\n\n\n\n<ul class=\"wp-block-list\"><li><strong>\u010cten\u00e1\u0159em knihovny<\/strong>\u00a0se m\u016f\u017ee st\u00e1t ka\u017ed\u00e1 fyzick\u00e1 i pr\u00e1vnick\u00e1 osoba, kter\u00e1 dodr\u017euje knihovn\u00ed \u0159\u00e1d MKMB, k \u010demu\u017e se zav\u00e1\u017ee podeps\u00e1n\u00edm \u010dten\u00e1\u0159sk\u00e9 p\u0159ihl\u00e1\u0161ky. Registrace d\u00edt\u011bte do 15 let je podm\u00edn\u011bna p\u0159\u00edtomnost\u00ed z\u00e1konn\u00e9ho z\u00e1stupce, kter\u00fd se prok\u00e1\u017ee platn\u00fdm ob\u010dansk\u00fdm pr\u016fkazem a sou\u010dasn\u011b podep\u00ed\u0161e p\u0159ihl\u00e1\u0161ku \u010dten\u00e1\u0159e. T\u00edm stvrd\u00ed odpov\u011bdnost za dodr\u017eov\u00e1n\u00ed knihovn\u00edho \u0159\u00e1du ze strany d\u00edt\u011bte. Po uplynut\u00ed platnosti \u010dten\u00e1\u0159sk\u00e9ho pr\u016fkazu a vypo\u0159\u00e1d\u00e1n\u00ed v\u0161ech z\u00e1vazk\u016f v\u016f\u010di knihovn\u011b budou osobn\u00ed \u00fadaje z automatizovan\u00e9 datab\u00e1ze vymaz\u00e1ny a v p\u00edsemn\u00e9 datab\u00e1zi skartov\u00e1ny.<\/li><li><strong>Povinnost\u00ed \u010dten\u00e1\u0159\u016f<\/strong>\u00a0je dodr\u017eovat knihovn\u00ed \u0159\u00e1d, respektovat pokyny knihovn\u00edk\u016f, \u0161etrn\u011b zach\u00e1zet s vyp\u016fj\u010den\u00fdmi knihovn\u00edmi jednotkami, ozn\u00e1mit knihovn\u011b zm\u011bnu jm\u00e9na a adresy. U\u017eivatel je povinen nakl\u00e1dat s daty a dokumenty poskytnut\u00fdmi MKMB v souladu s platn\u00fdm zn\u011bn\u00edm Autorsk\u00e9ho z\u00e1kona (216\/2006 Sb.)<\/li><li><strong>Registra\u010dn\u00ed poplatek<\/strong>\u00a0je 80 K\u010d s v\u00fdjimkou d\u011bt\u00ed do 15 let, kter\u00e9 plat\u00ed 30 K\u010d. Dr\u017eitel\u00e9 pr\u016fkazu ZTP, ZTP-P, \u010dten\u00e1\u0159i nad 75 let registra\u010dn\u00ed poplatky neplat\u00ed.<\/li><li><strong>\u010cten\u00e1\u0159sk\u00fd pr\u016fkaz<\/strong> se vystavuje na 12 m\u011bs\u00edc\u016f, po jejich uplynut\u00ed je t\u0159eba platnost obnovit. \u010cten\u00e1\u0159sk\u00fd pr\u016fkaz je dokladem \u010dten\u00e1\u0159e pro styk s MKMB, je nep\u0159enosn\u00fd. \u010cten\u00e1\u0159 zodpov\u00edd\u00e1 za zneu\u017eit\u00ed \u010dten\u00e1\u0159sk\u00e9ho pr\u016fkazu, jeho ztr\u00e1tu je povinen ihned ohl\u00e1sit. <\/li><li><strong>V\u00fdp\u016fj\u010dn\u00ed lh\u016fty<\/strong>\u00a0se ur\u010duj\u00ed podle typu knihovn\u00edch jednotek:<ul><li>knihy&#8230;&#8230;&#8230;&#8230;&#8230;&#8230;&#8230;&#8230;&#8230;&#8230;..2 m\u011bs\u00edce<\/li><li>hry, \u010dasopisy, audioknihy&#8230;&#8230;..14 dn\u016f<\/li><\/ul><\/li><li>V\u00fdp\u016fj\u010dn\u00ed lh\u016ftu si m\u016f\u017ee \u010dten\u00e1\u0159 prodlou\u017eit 2x, u\u010din\u00ed-li tak p\u0159ed jej\u00edm uplynut\u00edm a ne\u017e\u00e1d\u00e1-li d\u00edlo dal\u0161\u00ed \u010dten\u00e1\u0159. V\u00fdp\u016fj\u010dn\u00ed lh\u016fty CD a rezervovan\u00fdch kni\u017en\u00edch titul\u016f se neprodlu\u017euj\u00ed.<\/li><li><strong>Vracen\u00ed knih<\/strong>\u00a0\u2013 vyp\u016fj\u010den\u00e9 knihy m\u016f\u017ee \u010dten\u00e1\u0159 vr\u00e1tit i prost\u0159ednictv\u00edm <strong><a href=\"http:\/\/beta.knihovnamb.cz\/?page_id=1044\">biblioschr\u00e1nky<\/a><\/strong><a href=\"http:\/\/beta.knihovnamb.cz\/?page_id=1044\"> <\/a>um\u00edst\u011bn\u00e9 na prot\u011bj\u0161\u00ed stran\u011b knihovny.<\/li><li><strong>Vyhled\u00e1v\u00e1n\u00ed knihovn\u00edch jednotek<\/strong>\u00a0\u2013 \u010dten\u00e1\u0159 si vyb\u00edr\u00e1 knihovn\u00ed jednotky p\u0159\u00edmo ve voln\u00e9m v\u00fdb\u011bru, knihy ze sklad\u016f zprost\u0159edkuje knihovn\u00edk. <\/li><li><strong>Rezervace knihovn\u00edch jednotek<\/strong>\u00a0\u2013 pokud jsou v\u0161echny exempl\u00e1\u0159e \u017e\u00e1dan\u00e9 knihovn\u00ed jednotky p\u016fj\u010deny, m\u016f\u017ee si ji \u010dten\u00e1\u0159 rezervovat osobn\u011b v knihovn\u011b (pomoc\u00ed elektronick\u00e9ho katalogu nebo prost\u0159ednictv\u00edm knihovn\u00edka), nebo prost\u0159ednictv\u00edm Internetu.  Knihovn\u00ed jednotka bude rezervov\u00e1na 8 dn\u016f, po uplynut\u00ed t\u00e9to lh\u016fty bude p\u016fj\u010dena dal\u0161\u00edmu z\u00e1jemci. Rezervov\u00e1n\u00ed je mo\u017en\u00e9, pokud m\u00e1 \u010dten\u00e1\u0159 platn\u00fd \u010dten\u00e1\u0159sk\u00fd pr\u016fkaz, nem\u00e1 v\u016f\u010di knihovn\u011b \u017e\u00e1dn\u00e9 finan\u010dn\u00ed pohled\u00e1vky a nem\u00e1 p\u016fj\u010deny knihovn\u00ed jednotky s p\u0159ekro\u010denou v\u00fdp\u016fj\u010dn\u00ed lh\u016ftou.<\/li><li><strong>Rezervov\u00e1n\u00ed nen\u00ed mo\u017en\u00e9:<\/strong><ul><li>v p\u0159\u00edpad\u011b, \u017ee knihovn\u00ed jednotka je ur\u010dena k prezen\u010dn\u00edmu p\u016fj\u010dov\u00e1n\u00ed<\/li><li>v p\u0159\u00edpad\u011b, \u017ee knihovn\u00ed jednotka je k dispozici<\/li><\/ul><\/li><li><strong>Slu\u017eba odlo\u017e<\/strong>\u00a0\u2013 je ur\u010dena pro \u010dten\u00e1\u0159e, kte\u0159\u00ed jsou pr\u00e1v\u011b mimo budovu knihovny a mohou si nechat volnou knihovn\u00ed jednotku pomoc\u00ed online katalogu odlo\u017eit na 8 dn\u00ed. Odlo\u017een\u00ed je mo\u017en\u00e9 pokud m\u00e1 \u010dten\u00e1\u0159 platn\u00fd \u010dten\u00e1\u0159sk\u00fd pr\u016fkaz a nem\u00e1 v\u016f\u010di knihovn\u011b \u017e\u00e1dn\u00e9 nespln\u011bn\u00e9 z\u00e1vazky.<\/li><li><strong>Platby z prodlen\u00ed<\/strong>\u00a0plat\u00ed \u010dten\u00e1\u0159, pokud nevr\u00e1t\u00ed vyp\u016fj\u010den\u00e9 knihovn\u00ed jednotky ve stanoven\u00e9 lh\u016ft\u011b. Po p\u0159ekro\u010den\u00ed v\u00fdp\u016fj\u010dn\u00ed lh\u016fty je \u010dten\u00e1\u0159 upom\u00edn\u00e1n a zaplat\u00ed sank\u010dn\u00ed poplatky. Upozorn\u011bn\u00ed\u00a0 o sank\u010dn\u00edch poplatc\u00edch\u00a0 obdr\u017e\u00ed\u00a0 \u010dten\u00e1\u0159 e-mailem, SMS nebo po\u0161tou.<\/li><li><strong>N\u00e1hrady<\/strong>\u00a0poskytuje \u010dten\u00e1\u0159 za po\u0161kozen\u00ed nebo ztr\u00e1tu vyp\u016fj\u010den\u00e9 knihovn\u00ed jednotky dle\u00a0<a href=\"http:\/\/beta.knihovnamb.cz\/?page_id=967\">Cen\u00edku<\/a>.<\/li><li><strong>Internet<\/strong>\u00a0mohou vyu\u017e\u00edvat v\u0161ichni registrovan\u00ed i neregistrovan\u00ed u\u017eivatel\u00e9 MKMB v\u00a0\u010d\u00edt\u00e1rn\u011b zdarma. Internet v d\u011btsk\u00e9m odd\u011blen\u00ed je ur\u010den pro \u010dten\u00e1\u0159e do 15 let. Pravidla pro vyu\u017e\u00edv\u00e1n\u00ed internetu jsou stanovena v\u00a0Provozn\u00edm \u0159\u00e1du pro vyu\u017e\u00edv\u00e1n\u00ed internetu (p\u0159\u00edloha Knihovn\u00edho \u0159\u00e1du)<\/li><\/ul>\n\n\n\n<div class=\"wp-block-file\"><a href=\"http:\/\/beta.knihovnamb.cz\/wp-content\/uploads\/2019\/09\/knihovn\u00ed-\u0159\u00e1d-1.pdf\">Knihovn\u00ed \u0159\u00e1d (cel\u00e9 zn\u011bn\u00ed v\u010detn\u011b p\u0159\u00edloh)<\/a><a href=\"http:\/\/beta.knihovnamb.cz\/wp-content\/uploads\/2019\/09\/knihovn\u00ed-\u0159\u00e1d-1.pdf\" class=\"wp-block-file__button\" download>St\u00e1hnout<\/a><\/div>\n","protected":false},"excerpt":{"rendered":"<p>V\u00fdtah z knihovn\u00edho \u0159\u00e1du knihovny \u010cten\u00e1\u0159em knihovny\u00a0se m\u016f\u017ee st\u00e1t ka\u017ed\u00e1 fyzick\u00e1 i pr\u00e1vnick\u00e1 osoba, kter\u00e1 dodr\u017euje knihovn\u00ed \u0159\u00e1d MKMB, k \u010demu\u017e se zav\u00e1\u017ee podeps\u00e1n\u00edm \u010dten\u00e1\u0159sk\u00e9 p\u0159ihl\u00e1\u0161ky. Registrace d\u00edt\u011bte do 15 let je podm\u00edn\u011bna p\u0159\u00edtomnost\u00ed z\u00e1konn\u00e9ho z\u00e1stupce, kter\u00fd se prok\u00e1\u017ee platn\u00fdm ob\u010dansk\u00fdm pr\u016fkazem a sou\u010dasn\u011b podep\u00ed\u0161e p\u0159ihl\u00e1\u0161ku \u010dten\u00e1\u0159e. T\u00edm stvrd\u00ed odpov\u011bdnost za dodr\u017eov\u00e1n\u00ed knihovn\u00edho \u0159\u00e1du ze [&hellip;]<\/p>\n","protected":false},"author":1,"featured_media":0,"parent":334,"menu_order":1,"comment_status":"closed","ping_status":"closed","template":"","meta":{"footnotes":""},"class_list":["post-934","page","type-page","status-publish","hentry"],"_links":{"self":[{"href":"https:\/\/www.knihovnamb.cz\/index.php?rest_route=\/wp\/v2\/pages\/934","targetHints":{"allow":["GET"]}}],"collection":[{"href":"https:\/\/www.knihovnamb.cz\/index.php?rest_route=\/wp\/v2\/pages"}],"about":[{"href":"https:\/\/www.knihovnamb.cz\/index.php?rest_route=\/wp\/v2\/types\/page"}],"author":[{"embeddable":true,"href":"https:\/\/www.knihovnamb.cz\/index.php?rest_route=\/wp\/v2\/users\/1"}],"replies":[{"embeddable":true,"href":"https:\/\/www.knihovnamb.cz\/index.php?rest_route=%2Fwp%2Fv2%2Fcomments&post=934"}],"version-history":[{"count":24,"href":"https:\/\/www.knihovnamb.cz\/index.php?rest_route=\/wp\/v2\/pages\/934\/revisions"}],"predecessor-version":[{"id":1167,"href":"https:\/\/www.knihovnamb.cz\/index.php?rest_route=\/wp\/v2\/pages\/934\/revisions\/1167"}],"up":[{"embeddable":true,"href":"https:\/\/www.knihovnamb.cz\/index.php?rest_route=\/wp\/v2\/pages\/334"}],"wp:attachment":[{"href":"https:\/\/www.knihovnamb.cz\/index.php?rest_route=%2Fwp%2Fv2%2Fmedia&parent=934"}],"curies":[{"name":"wp","href":"https:\/\/api.w.org\/{rel}","templated":true}]}}