{"id":666,"date":"2019-08-28T11:47:29","date_gmt":"2019-08-28T11:47:29","guid":{"rendered":"http:\/\/beta.knihovnamb.cz\/?page_id=666"},"modified":"2024-10-04T08:06:20","modified_gmt":"2024-10-04T06:06:20","slug":"oddeleni-pro-dospele","status":"publish","type":"page","link":"https:\/\/www.knihovnamb.cz\/?page_id=666","title":{"rendered":"Odd\u011blen\u00ed pro dosp\u011bl\u00e9"},"content":{"rendered":"\n<p class=\"has-medium-font-size\"><strong>Slu\u017eby:<\/strong><\/p>\n\n\n\n<ul class=\"wp-block-list\">\n<li>p\u016fj\u010dov\u00e1n\u00ed beletrie a nau\u010dn\u00e9 literatury<\/li>\n\n\n\n<li>p\u016fj\u010dov\u00e1n\u00ed region\u00e1ln\u00ed literatury<\/li>\n\n\n\n<li>poskytov\u00e1n\u00ed bibliografick\u00fdch informac\u00ed<\/li>\n\n\n\n<li>rezervace knih<\/li>\n<\/ul>\n\n\n\n<p><strong> Pro vyhled\u00e1v\u00e1n\u00ed dokument\u016f vyu\u017eijte <a href=\"https:\/\/mbud.tritius.cz\/\">katalog<\/a><\/strong><\/p>\n\n\n\n<ul class=\"wp-block-list\">\n<li>prost\u0159ednictv\u00edm on-line katalogu si m\u016f\u017eete dokumenty <strong>rezervovat<\/strong> (ozn\u00e1men\u00ed o p\u0159ipraven\u00e9 rezervaci obdr\u017e\u00ed \u010dten\u00e1\u0159 e-mailem nebo SMS)<\/li>\n\n\n\n<li>nechat si <strong>odlo\u017eit<\/strong> (zamluvit) nep\u016fj\u010den\u00e9 knihovn\u00ed jednotky z voln\u00e9ho v\u00fdb\u011bru<\/li>\n\n\n\n<li><strong>prodlu\u017eovat<\/strong> v\u00fdp\u016fj\u010dn\u00ed dobu<\/li>\n\n\n\n<li>prohl\u00ed\u017eet si seznam sv\u00fdch v\u00fdp\u016fj\u010dek<\/li>\n\n\n\n<li><strong>p\u016fj\u010dit e-dokument <\/strong><\/li>\n<\/ul>\n\n\n\n<p><strong>Pravidla v\u00fdp\u016fj\u010dky<\/strong><\/p>\n\n\n\n<ul class=\"wp-block-list\">\n<li>registrace \u010dten\u00e1\u0159\u016f se prov\u00e1d\u00ed v p\u016fj\u010dovn\u011b pro dosp\u011bl\u00e9 (d\u011bti v d\u011btsk\u00e9m odd.)<\/li>\n\n\n\n<li><a href=\"https:\/\/www.knihovnamb.cz\/?page_id=2443\" data-type=\"URL\" data-id=\"https:\/\/www.knihovnamb.cz\/?page_id=2443\">registra\u010dn\u00ed poplatek \u2013 100 K\u010d<\/a> <\/li>\n\n\n\n<li>REGISTRA\u010cN\u00cd POPLATEK (dosp\u011bl\u00ed 100,-) m\u016f\u017eete platit hotov\u011b v knihovn\u011b nebo zaslat na \u00fa\u010det \u010d\u00edslo 19-222711 k\u00f3d banky 0100 variabiln\u00ed symbol 33142111. Do zpr\u00e1vy pro p\u0159\u00edjemce uve\u010fte jm\u00e9no a p\u0159\u00edjmen\u00ed registrovan\u00e9ho \u010dten\u00e1\u0159e. Po zaplacen\u00ed n\u00e1m pros\u00edm dejte v\u011bd\u011bt emailem nebo telefonicky.<\/li>\n\n\n\n<li>\u010dten\u00e1\u0159i nad 75 let  \u2013 0 K\u010d + dr\u017eitel\u00e9 pr\u016fkazu ZTP, ZTP-P <\/li>\n\n\n\n<li>\u010dten\u00e1\u0159sk\u00fd pr\u016fkaz plat\u00ed v cel\u00e9 knihovn\u011b a je nep\u0159enosn\u00fd<\/li>\n<\/ul>\n\n\n\n<p><\/p>\n","protected":false},"excerpt":{"rendered":"<p>Slu\u017eby: Pro vyhled\u00e1v\u00e1n\u00ed dokument\u016f vyu\u017eijte katalog Pravidla v\u00fdp\u016fj\u010dky<\/p>\n","protected":false},"author":1,"featured_media":0,"parent":272,"menu_order":0,"comment_status":"closed","ping_status":"closed","template":"","meta":{"footnotes":""},"class_list":["post-666","page","type-page","status-publish","hentry"],"_links":{"self":[{"href":"https:\/\/www.knihovnamb.cz\/index.php?rest_route=\/wp\/v2\/pages\/666","targetHints":{"allow":["GET"]}}],"collection":[{"href":"https:\/\/www.knihovnamb.cz\/index.php?rest_route=\/wp\/v2\/pages"}],"about":[{"href":"https:\/\/www.knihovnamb.cz\/index.php?rest_route=\/wp\/v2\/types\/page"}],"author":[{"embeddable":true,"href":"https:\/\/www.knihovnamb.cz\/index.php?rest_route=\/wp\/v2\/users\/1"}],"replies":[{"embeddable":true,"href":"https:\/\/www.knihovnamb.cz\/index.php?rest_route=%2Fwp%2Fv2%2Fcomments&post=666"}],"version-history":[{"count":40,"href":"https:\/\/www.knihovnamb.cz\/index.php?rest_route=\/wp\/v2\/pages\/666\/revisions"}],"predecessor-version":[{"id":3547,"href":"https:\/\/www.knihovnamb.cz\/index.php?rest_route=\/wp\/v2\/pages\/666\/revisions\/3547"}],"up":[{"embeddable":true,"href":"https:\/\/www.knihovnamb.cz\/index.php?rest_route=\/wp\/v2\/pages\/272"}],"wp:attachment":[{"href":"https:\/\/www.knihovnamb.cz\/index.php?rest_route=%2Fwp%2Fv2%2Fmedia&parent=666"}],"curies":[{"name":"wp","href":"https:\/\/api.w.org\/{rel}","templated":true}]}}