{"id":334,"date":"2019-05-28T11:39:56","date_gmt":"2019-05-28T11:39:56","guid":{"rendered":"http:\/\/beta.knihovnamb.cz\/?page_id=334"},"modified":"2024-09-25T15:47:58","modified_gmt":"2024-09-25T13:47:58","slug":"o-knihovne","status":"publish","type":"page","link":"https:\/\/www.knihovnamb.cz\/?page_id=334","title":{"rendered":"O knihovn\u011b"},"content":{"rendered":"\n<p>M\u011bstsk\u00e1 knihovna Moravsk\u00e9 Bud\u011bjovice je knihovnou s univerz\u00e1ln\u00edm knihovn\u00edm fondem. S\u00eddl\u00ed na adrese Tyr\u0161ova 364, Moravsk\u00e9 Bud\u011bjovice. Knihovna je odborem M\u011bstsk\u00e9ho \u00fa\u0159adu v Moravsk\u00fdch Bud\u011bjovic\u00edch a m\u00e1 dv\u011b neprofesion\u00e1ln\u00ed pobo\u010dky \u2013 v obc\u00edch Vran\u00edn a Vesce.&nbsp;<\/p>\n\n\n\n<p>V knihovn\u011b jsou k dispozici t\u0159i odd\u011blen\u00ed \u2013 odd\u011blen\u00ed pro dosp\u011bl\u00e9, d\u011btsk\u00e9 odd\u011blen\u00ed a \u010d\u00edt\u00e1rna s ve\u0159ejn\u011b p\u0159\u00edstupn\u00fdm internetem.<\/p>\n\n\n\n<p>Knihovna u\u017e\u00edv\u00e1 automatizovan\u00fd knihovn\u00ed syst\u00e9m Tritius.<\/p>\n\n\n\n<p><a href=\"https:\/\/www.knihovnamb.cz\/?page_id=2443\">Registra\u010dn\u00ed poplatek<\/a><\/p>\n\n\n\n<p><a href=\"https:\/\/www.knihovnamb.cz\/?page_id=1466\">E-v\u00fdp\u016fj\u010dky (n\u00e1vod)<\/a><\/p>\n\n\n\n<p><a href=\"http:\/\/beta.knihovnamb.cz\/?page_id=934\">Knihovn\u00ed \u0159\u00e1d<\/a><\/p>\n\n\n\n<p><a href=\"http:\/\/beta.knihovnamb.cz\/?page_id=967\">Cen\u00edk<\/a><\/p>\n\n\n\n<p><\/p>\n","protected":false},"excerpt":{"rendered":"<p>M\u011bstsk\u00e1 knihovna Moravsk\u00e9 Bud\u011bjovice je knihovnou s univerz\u00e1ln\u00edm knihovn\u00edm fondem. S\u00eddl\u00ed na adrese Tyr\u0161ova 364, Moravsk\u00e9 Bud\u011bjovice. Knihovna je odborem M\u011bstsk\u00e9ho \u00fa\u0159adu v Moravsk\u00fdch Bud\u011bjovic\u00edch a m\u00e1 dv\u011b neprofesion\u00e1ln\u00ed pobo\u010dky \u2013 v obc\u00edch Vran\u00edn a Vesce.&nbsp; V knihovn\u011b jsou k dispozici t\u0159i odd\u011blen\u00ed \u2013 odd\u011blen\u00ed pro dosp\u011bl\u00e9, d\u011btsk\u00e9 odd\u011blen\u00ed a \u010d\u00edt\u00e1rna s ve\u0159ejn\u011b p\u0159\u00edstupn\u00fdm internetem. [&hellip;]<\/p>\n","protected":false},"author":1,"featured_media":0,"parent":0,"menu_order":0,"comment_status":"closed","ping_status":"closed","template":"","meta":{"footnotes":""},"class_list":["post-334","page","type-page","status-publish","hentry"],"_links":{"self":[{"href":"https:\/\/www.knihovnamb.cz\/index.php?rest_route=\/wp\/v2\/pages\/334","targetHints":{"allow":["GET"]}}],"collection":[{"href":"https:\/\/www.knihovnamb.cz\/index.php?rest_route=\/wp\/v2\/pages"}],"about":[{"href":"https:\/\/www.knihovnamb.cz\/index.php?rest_route=\/wp\/v2\/types\/page"}],"author":[{"embeddable":true,"href":"https:\/\/www.knihovnamb.cz\/index.php?rest_route=\/wp\/v2\/users\/1"}],"replies":[{"embeddable":true,"href":"https:\/\/www.knihovnamb.cz\/index.php?rest_route=%2Fwp%2Fv2%2Fcomments&post=334"}],"version-history":[{"count":34,"href":"https:\/\/www.knihovnamb.cz\/index.php?rest_route=\/wp\/v2\/pages\/334\/revisions"}],"predecessor-version":[{"id":3544,"href":"https:\/\/www.knihovnamb.cz\/index.php?rest_route=\/wp\/v2\/pages\/334\/revisions\/3544"}],"wp:attachment":[{"href":"https:\/\/www.knihovnamb.cz\/index.php?rest_route=%2Fwp%2Fv2%2Fmedia&parent=334"}],"curies":[{"name":"wp","href":"https:\/\/api.w.org\/{rel}","templated":true}]}}