{"id":2443,"date":"2021-11-23T09:21:32","date_gmt":"2021-11-23T08:21:32","guid":{"rendered":"http:\/\/www.knihovnamb.cz\/?page_id=2443"},"modified":"2024-01-05T12:42:41","modified_gmt":"2024-01-05T11:42:41","slug":"registracni-poplatek","status":"publish","type":"page","link":"https:\/\/www.knihovnamb.cz\/?page_id=2443","title":{"rendered":"Registra\u010dn\u00ed poplatek"},"content":{"rendered":"\n<p class=\"has-white-color has-vivid-cyan-blue-background-color has-text-color has-background\">REGISTRA\u010cN\u00cd POPLATEK (dosp\u011bl\u00ed 100,- d\u011bti 40,-) m\u016f\u017eete platit hotov\u011b v knihovn\u011b nebo zaslat na \u00fa\u010det \u010d\u00edslo 19-222711 k\u00f3d banky 0100 variabiln\u00ed symbol 33142111 nebo prost\u0159ednictv\u00edm QR k\u00f3du. Do zpr\u00e1vy pro p\u0159\u00edjemce uve\u010fte jm\u00e9no a p\u0159\u00edjmen\u00ed registrovan\u00e9ho \u010dten\u00e1\u0159e. Po zaplacen\u00ed n\u00e1m pros\u00edm dejte v\u011bd\u011bt emailem nebo telefonicky.<\/p>\n\n\n\n<p><\/p>\n\n\n\n<p><\/p>\n\n\n\n<div class=\"wp-block-image is-style-default\"><figure class=\"alignleft size-large is-resized\"><img loading=\"lazy\" decoding=\"async\" src=\"https:\/\/www.knihovnamb.cz\/wp-content\/uploads\/2024\/01\/registr.popl40.png\" alt=\"\" class=\"wp-image-3316\" width=\"175\" height=\"175\" srcset=\"https:\/\/www.knihovnamb.cz\/wp-content\/uploads\/2024\/01\/registr.popl40.png 512w, https:\/\/www.knihovnamb.cz\/wp-content\/uploads\/2024\/01\/registr.popl40-300x300.png 300w, https:\/\/www.knihovnamb.cz\/wp-content\/uploads\/2024\/01\/registr.popl40-150x150.png 150w\" sizes=\"auto, (max-width: 175px) 100vw, 175px\" \/><figcaption><strong>40,- K\u010d<\/strong> <br><strong>d\u011bti do 15 let <\/strong><\/figcaption><\/figure><\/div>\n\n\n\n<div class=\"wp-block-image is-style-default\"><figure class=\"alignleft size-large is-resized\"><img loading=\"lazy\" decoding=\"async\" src=\"https:\/\/www.knihovnamb.cz\/wp-content\/uploads\/2024\/01\/registr.popl100.png\" alt=\"\" class=\"wp-image-3318\" width=\"172\" height=\"172\" srcset=\"https:\/\/www.knihovnamb.cz\/wp-content\/uploads\/2024\/01\/registr.popl100.png 512w, https:\/\/www.knihovnamb.cz\/wp-content\/uploads\/2024\/01\/registr.popl100-300x300.png 300w, https:\/\/www.knihovnamb.cz\/wp-content\/uploads\/2024\/01\/registr.popl100-150x150.png 150w\" sizes=\"auto, (max-width: 172px) 100vw, 172px\" \/><figcaption><strong>100,- K\u010d<\/strong><br><strong>dosp\u011bl\u00ed \u010dten\u00e1\u0159i <\/strong><\/figcaption><\/figure><\/div>\n\n\n\n<div class=\"wp-block-image is-style-default\"><figure class=\"alignleft size-large is-resized\"><img loading=\"lazy\" decoding=\"async\" src=\"https:\/\/www.knihovnamb.cz\/wp-content\/uploads\/2024\/01\/registr.popl140.png\" alt=\"\" class=\"wp-image-3319\" width=\"176\" height=\"176\" srcset=\"https:\/\/www.knihovnamb.cz\/wp-content\/uploads\/2024\/01\/registr.popl140.png 512w, https:\/\/www.knihovnamb.cz\/wp-content\/uploads\/2024\/01\/registr.popl140-300x300.png 300w, https:\/\/www.knihovnamb.cz\/wp-content\/uploads\/2024\/01\/registr.popl140-150x150.png 150w\" sizes=\"auto, (max-width: 176px) 100vw, 176px\" \/><figcaption><strong>140,- K\u010d<\/strong><br><strong>rodinn\u00e1 registrace<\/strong><\/figcaption><\/figure><\/div>\n\n\n\n<p><\/p>\n\n\n\n<p><\/p>\n\n\n\n<p class=\"has-text-align-center has-vivid-cyan-blue-color has-luminous-vivid-amber-background-color has-text-color has-background\" style=\"font-size:18px\"><strong>Do zpr\u00e1vy pro p\u0159\u00edjemce pros\u00edm DOPL\u0147TE, za koho je platba hrazena<\/strong><\/p>\n","protected":false},"excerpt":{"rendered":"<p>REGISTRA\u010cN\u00cd POPLATEK (dosp\u011bl\u00ed 100,- d\u011bti 40,-) m\u016f\u017eete platit hotov\u011b v knihovn\u011b nebo zaslat na \u00fa\u010det \u010d\u00edslo 19-222711 k\u00f3d banky 0100 variabiln\u00ed symbol 33142111 nebo prost\u0159ednictv\u00edm QR k\u00f3du. Do zpr\u00e1vy pro p\u0159\u00edjemce uve\u010fte jm\u00e9no a p\u0159\u00edjmen\u00ed registrovan\u00e9ho \u010dten\u00e1\u0159e. Po zaplacen\u00ed n\u00e1m pros\u00edm dejte v\u011bd\u011bt emailem nebo telefonicky. Do zpr\u00e1vy pro p\u0159\u00edjemce pros\u00edm DOPL\u0147TE, za koho je [&hellip;]<\/p>\n","protected":false},"author":1,"featured_media":0,"parent":0,"menu_order":0,"comment_status":"closed","ping_status":"closed","template":"","meta":{"footnotes":""},"class_list":["post-2443","page","type-page","status-publish","hentry"],"_links":{"self":[{"href":"https:\/\/www.knihovnamb.cz\/index.php?rest_route=\/wp\/v2\/pages\/2443","targetHints":{"allow":["GET"]}}],"collection":[{"href":"https:\/\/www.knihovnamb.cz\/index.php?rest_route=\/wp\/v2\/pages"}],"about":[{"href":"https:\/\/www.knihovnamb.cz\/index.php?rest_route=\/wp\/v2\/types\/page"}],"author":[{"embeddable":true,"href":"https:\/\/www.knihovnamb.cz\/index.php?rest_route=\/wp\/v2\/users\/1"}],"replies":[{"embeddable":true,"href":"https:\/\/www.knihovnamb.cz\/index.php?rest_route=%2Fwp%2Fv2%2Fcomments&post=2443"}],"version-history":[{"count":25,"href":"https:\/\/www.knihovnamb.cz\/index.php?rest_route=\/wp\/v2\/pages\/2443\/revisions"}],"predecessor-version":[{"id":3353,"href":"https:\/\/www.knihovnamb.cz\/index.php?rest_route=\/wp\/v2\/pages\/2443\/revisions\/3353"}],"wp:attachment":[{"href":"https:\/\/www.knihovnamb.cz\/index.php?rest_route=%2Fwp%2Fv2%2Fmedia&parent=2443"}],"curies":[{"name":"wp","href":"https:\/\/api.w.org\/{rel}","templated":true}]}}