{"id":135,"date":"2019-05-22T08:45:33","date_gmt":"2019-05-22T08:45:33","guid":{"rendered":"http:\/\/beta.knihovnamb.cz\/?page_id=135"},"modified":"2026-02-13T13:54:00","modified_gmt":"2026-02-13T12:54:00","slug":"podrobny-kontakt","status":"publish","type":"page","link":"https:\/\/www.knihovnamb.cz\/?page_id=135","title":{"rendered":"Podrobn\u00fd kontakt"},"content":{"rendered":"\n<p class=\"has-pale-cyan-blue-color has-text-color has-medium-font-size\"><strong>Bc. Ivana Kvasni\u010dkov\u00e1<\/strong>, <strong>vedouc\u00ed knihovny<\/strong><\/p>\n\n\n\n<p>D\u011btsk\u00e9 odd\u011blen\u00ed,&nbsp;tel. 568 408 399, mobil 734 860 883, email:&nbsp;<a href=\"mailto:vedouci@knihovnamb.cz\">vedouci@knihovnamb.cz<\/a>, <\/p>\n\n\n\n<hr class=\"wp-block-separator has-css-opacity is-style-wide\"\/>\n\n\n\n<p class=\"has-pale-cyan-blue-color has-text-color has-medium-font-size\"><strong>Iveta Popov\u00e1, DiS.<\/strong><\/p>\n\n\n\n<p class=\"has-text-align-left\">\u010c\u00edt\u00e1rna, <strong>MVS<\/strong> (meziknihovn\u00ed v\u00fdp\u016fj\u010dn\u00ed slu\u017eba),&nbsp;tel. 568 408 397, mobil 734 685 403, email:&nbsp;<a href=\"mailto:mvs@knihovnamb.cz\">mvs@knihovnamb.cz<\/a>, <\/p>\n\n\n\n<hr class=\"wp-block-separator has-css-opacity is-style-wide\"\/>\n\n\n\n<p class=\"has-pale-cyan-blue-color has-text-color has-medium-font-size\"><strong>V\u00e1clava Dvo\u0159\u00e1kov\u00e1<\/strong><\/p>\n\n\n\n<p>Odd\u011blen\u00ed pro dosp\u011bl\u00e9, tel. 568 408 398, mobil 736 512 776, email:&nbsp;<a href=\"mailto:knihovna@knihovnamb.cz\">knihovna@knihovnamb.cz<\/a>,<\/p>\n\n\n\n<hr class=\"wp-block-separator has-css-opacity is-style-wide\"\/>\n\n\n\n<p class=\"has-pale-cyan-blue-color has-text-color has-medium-font-size\"><strong>Dana Boudov\u00e1<\/strong><\/p>\n\n\n\n<p>Odd\u011blen\u00ed pro dosp\u011bl\u00e9, tel. 568 408 398, mobil 736 512 776<\/p>\n\n\n\n<div class=\"wp-block-columns has-2-columns is-layout-flex wp-container-core-columns-is-layout-9d6595d7 wp-block-columns-is-layout-flex\">\n<div class=\"wp-block-column is-layout-flow wp-block-column-is-layout-flow\">\n<p><\/p>\n<\/div>\n\n\n\n<div class=\"wp-block-column is-layout-flow wp-block-column-is-layout-flow\">\n<p><\/p>\n<\/div>\n<\/div>\n\n\n\n<div class=\"wp-block-columns has-2-columns is-layout-flex wp-container-core-columns-is-layout-9d6595d7 wp-block-columns-is-layout-flex\">\n<div class=\"wp-block-column is-layout-flow wp-block-column-is-layout-flow\"><\/div>\n\n\n\n<div class=\"wp-block-column is-layout-flow wp-block-column-is-layout-flow\"><\/div>\n<\/div>\n\n\n\n<hr class=\"wp-block-separator has-css-opacity\"\/>\n\n\n\n<p class=\"has-luminous-vivid-orange-color has-text-color\"><span style=\"text-decoration: underline;\">FAKTURA\u010cN\u00cd ADRESA :<br><\/span>M\u011bsto Moravsk\u00e9 Bud\u011bjovice&nbsp;<br>n\u00e1m. M\u00edru 31&nbsp;<br>676 02 Moravsk\u00e9 Bud\u011bjovice<\/p>\n\n\n\n<p class=\"has-luminous-vivid-orange-color has-text-color\">I\u010c 00289931, DI\u010c CZ00289931 <\/p>\n\n\n\n<hr class=\"wp-block-separator has-css-opacity is-style-dots\"\/>\n\n\n\n<figure><iframe loading=\"lazy\" src=\"https:\/\/www.google.com\/maps\/embed?pb=!1m18!1m12!1m3!1d5229.798919035532!2d15.808779038303124!3d49.05053521719876!2m3!1f0!2f0!3f0!3m2!1i1024!2i768!4f13.1!3m3!1m2!1s0x470d4efd7841d8dd%3A0x62d94c17d3e0b1ee!2zTcSbc3Rza8OhIGtuaWhvdm5hIE1vcmF2c2vDqSBCdWTEm2pvdmljZQ!5e0!3m2!1scs!2scz!4v1567064270854!5m2!1scs!2scz\" width=\"400\" height=\"300\" frameborder=\"0\" style=\"border:0;\" allowfullscreen=\"\"><\/iframe><\/figure>\n\n\n<p><!--EndFragment--><\/p>","protected":false},"excerpt":{"rendered":"<p>Bc. Ivana Kvasni\u010dkov\u00e1, vedouc\u00ed knihovny D\u011btsk\u00e9 odd\u011blen\u00ed,&nbsp;tel. 568 408 399, mobil 734 860 883, email:&nbsp;vedouci@knihovnamb.cz, Iveta Popov\u00e1, DiS. \u010c\u00edt\u00e1rna, MVS (meziknihovn\u00ed v\u00fdp\u016fj\u010dn\u00ed slu\u017eba),&nbsp;tel. 568 408 397, mobil 734 685 403, email:&nbsp;mvs@knihovnamb.cz, V\u00e1clava Dvo\u0159\u00e1kov\u00e1 Odd\u011blen\u00ed pro dosp\u011bl\u00e9, tel. 568 408 398, mobil 736 512 776, email:&nbsp;knihovna@knihovnamb.cz, Dana Boudov\u00e1 Odd\u011blen\u00ed pro dosp\u011bl\u00e9, tel. 568 408 398, mobil [&hellip;]<\/p>\n","protected":false},"author":1,"featured_media":0,"parent":0,"menu_order":2,"comment_status":"closed","ping_status":"closed","template":"","meta":{"footnotes":""},"class_list":["post-135","page","type-page","status-publish","hentry"],"_links":{"self":[{"href":"https:\/\/www.knihovnamb.cz\/index.php?rest_route=\/wp\/v2\/pages\/135","targetHints":{"allow":["GET"]}}],"collection":[{"href":"https:\/\/www.knihovnamb.cz\/index.php?rest_route=\/wp\/v2\/pages"}],"about":[{"href":"https:\/\/www.knihovnamb.cz\/index.php?rest_route=\/wp\/v2\/types\/page"}],"author":[{"embeddable":true,"href":"https:\/\/www.knihovnamb.cz\/index.php?rest_route=\/wp\/v2\/users\/1"}],"replies":[{"embeddable":true,"href":"https:\/\/www.knihovnamb.cz\/index.php?rest_route=%2Fwp%2Fv2%2Fcomments&post=135"}],"version-history":[{"count":113,"href":"https:\/\/www.knihovnamb.cz\/index.php?rest_route=\/wp\/v2\/pages\/135\/revisions"}],"predecessor-version":[{"id":3919,"href":"https:\/\/www.knihovnamb.cz\/index.php?rest_route=\/wp\/v2\/pages\/135\/revisions\/3919"}],"wp:attachment":[{"href":"https:\/\/www.knihovnamb.cz\/index.php?rest_route=%2Fwp%2Fv2%2Fmedia&parent=135"}],"curies":[{"name":"wp","href":"https:\/\/api.w.org\/{rel}","templated":true}]}}