{"id":1186,"date":"2019-09-27T13:22:11","date_gmt":"2019-09-27T13:22:11","guid":{"rendered":"http:\/\/beta.knihovnamb.cz\/?page_id=1186"},"modified":"2019-09-30T17:02:23","modified_gmt":"2019-09-30T15:02:23","slug":"audioknihy","status":"publish","type":"page","link":"https:\/\/www.knihovnamb.cz\/?page_id=1186","title":{"rendered":"Audioknihy"},"content":{"rendered":"\n<p class=\"has-text-color has-background has-vivid-cyan-blue-color has-very-light-gray-background-color\"><strong>-p\u016fj\u010duj\u00ed se v \u010d\u00edt\u00e1rn\u011b, registrovan\u00fdm \u010dten\u00e1\u0159\u016fm, na 14 dn\u00ed<\/strong>  <\/p>\n\n\n\n<div class=\"wp-block-button aligncenter is-style-outline is-style-outline--1\"><a class=\"wp-block-button__link has-text-color has-very-light-gray-color has-background has-vivid-cyan-blue-background-color\" href=\"https:\/\/mbud.tritius.cz\/search?field=0&amp;q=%22mluven%C3%A9+slovo%22&amp;area=-1&amp;s=-9&amp;sd=DESC&amp;page=1&amp;pageSize=100\">AUDIOKNIHY<\/a><\/div>\n\n\n\n<p><strong>\u010ct\u011bte u\u0161ima<\/strong><a href=\"https:\/\/www.knihovnabroumov.net\/knihovnabroumov\/author\/ML\"><\/a><\/p>\n\n\n\n<p>Co je audiokniha? Audiokniha je nahr\u00e1vka mluven\u00e9ho slova. Obvykle vych\u00e1z\u00ed z ti\u0161t\u011bn\u00fdch materi\u00e1l\u016f, ale nemus\u00ed j\u00edt za ka\u017edou cenu o p\u0159esnou audioverzi knihy. Audiokniha m\u016f\u017ee m\u00edt i podobu kompletn\u00ed dramatizace \u2013 s kompletn\u00edm obsazen\u00edm rol\u00ed, hudbou a dal\u0161\u00edmi doprovodn\u00fdmi efekty.<\/p>\n\n\n\n<p>Audioknihy jsou skv\u011blou pom\u016fckou pro d\u011bti, kter\u00e9 se u\u010d\u00ed \u010d\u00edst \u2013 pom\u00e1haj\u00ed rozv\u00edjet porozum\u011bn\u00ed psan\u00e9mu textu, zarputil\u00e9 ne\u010dten\u00e1\u0159e a zkr\u00e1tka v\u0161echny, kte\u0159\u00ed nemaj\u00ed \u010dasu nazbyt. \u0160et\u0159\u00ed nejen na\u0161e o\u010di, ale pr\u00e1v\u011b i \u010das, kter\u00fd m\u016f\u017eeme str\u00e1vit jakoukoli jinou \u010dinnost\u00ed zp\u0159\u00edjemn\u011bnou pr\u00e1v\u011b poslechem mluven\u00e9ho slova.<\/p>\n\n\n\n<p><\/p>\n\n\n\n<p class=\"has-background has-very-light-gray-background-color\"><strong>Pro\u010d audioknihy?&nbsp;&nbsp;<\/strong><\/p>\n\n\n\n<ul class=\"wp-block-list\"><li><em><strong>Zp\u0159\u00edjemn\u00ed v\u00e1m cesty, \u010dek\u00e1n\u00ed i \u00faklid<\/strong><\/em>. Nem\u00e1te na \u010dten\u00ed \u010das? Vyu\u017eijte \u010das b\u011bhem cestov\u00e1n\u00ed, ukl\u00edzen\u00ed \u010di va\u0159en\u00ed a pus\u0165te si do u\u0161\u00ed audioknihu.<\/li><li><em><strong>Nebav\u00ed v\u00e1s \u010d\u00edst? Jste dyslektici?&nbsp;<\/strong><\/em>Pak jsou audioknihy pr\u00e1v\u011b pro v\u00e1s, \u010dtou se samy.<\/li><li><em><strong>Zah\u00e1n\u00ed nespavost.&nbsp;<\/strong><\/em>Pou\u0161t\u011bjte sob\u011b i sv\u00fdm d\u011btem audioknihy p\u0159ed span\u00edm, p\u0159\u00edjemn\u00fd hlas vyprav\u011b\u010de v\u00e1s ukol\u00e9b\u00e1 ke sp\u00e1nku.<\/li><li><em><strong>\u0160et\u0159\u00ed va\u0161e o\u010di!<\/strong><\/em><\/li><li><em><strong>Probud\u00ed va\u0161i fantazii.&nbsp;<\/strong><\/em>Pus\u0165te si audioknihu, zav\u0159ete o\u010di a pono\u0159te se do p\u0159\u00edb\u011bhu. Hlas vyprav\u011b\u010de v\u00e1s vt\u00e1hne do d\u011bje p\u0159\u00edb\u011bhu.&nbsp;<em><strong>&nbsp;<\/strong><\/em><\/li><li><em><strong>Pou\u0161t\u011bjte je d\u011btem!<\/strong>&nbsp;<\/em>Audioknihy pom\u00e1haj\u00ed d\u011btem za\u010d\u00ednaj\u00edc\u00edm se \u010dten\u00edm porozum\u011bt psan\u00e9mu textu.<\/li><\/ul>\n","protected":false},"excerpt":{"rendered":"<p>-p\u016fj\u010duj\u00ed se v \u010d\u00edt\u00e1rn\u011b, registrovan\u00fdm \u010dten\u00e1\u0159\u016fm, na 14 dn\u00ed \u010ct\u011bte u\u0161ima Co je audiokniha? Audiokniha je nahr\u00e1vka mluven\u00e9ho slova. Obvykle vych\u00e1z\u00ed z ti\u0161t\u011bn\u00fdch materi\u00e1l\u016f, ale nemus\u00ed j\u00edt za ka\u017edou cenu o p\u0159esnou audioverzi knihy. Audiokniha m\u016f\u017ee m\u00edt i podobu kompletn\u00ed dramatizace \u2013 s kompletn\u00edm obsazen\u00edm rol\u00ed, hudbou a dal\u0161\u00edmi doprovodn\u00fdmi efekty. Audioknihy jsou skv\u011blou pom\u016fckou [&hellip;]<\/p>\n","protected":false},"author":1,"featured_media":0,"parent":668,"menu_order":0,"comment_status":"closed","ping_status":"closed","template":"","meta":{"footnotes":""},"class_list":["post-1186","page","type-page","status-publish","hentry"],"_links":{"self":[{"href":"https:\/\/www.knihovnamb.cz\/index.php?rest_route=\/wp\/v2\/pages\/1186","targetHints":{"allow":["GET"]}}],"collection":[{"href":"https:\/\/www.knihovnamb.cz\/index.php?rest_route=\/wp\/v2\/pages"}],"about":[{"href":"https:\/\/www.knihovnamb.cz\/index.php?rest_route=\/wp\/v2\/types\/page"}],"author":[{"embeddable":true,"href":"https:\/\/www.knihovnamb.cz\/index.php?rest_route=\/wp\/v2\/users\/1"}],"replies":[{"embeddable":true,"href":"https:\/\/www.knihovnamb.cz\/index.php?rest_route=%2Fwp%2Fv2%2Fcomments&post=1186"}],"version-history":[{"count":12,"href":"https:\/\/www.knihovnamb.cz\/index.php?rest_route=\/wp\/v2\/pages\/1186\/revisions"}],"predecessor-version":[{"id":1205,"href":"https:\/\/www.knihovnamb.cz\/index.php?rest_route=\/wp\/v2\/pages\/1186\/revisions\/1205"}],"up":[{"embeddable":true,"href":"https:\/\/www.knihovnamb.cz\/index.php?rest_route=\/wp\/v2\/pages\/668"}],"wp:attachment":[{"href":"https:\/\/www.knihovnamb.cz\/index.php?rest_route=%2Fwp%2Fv2%2Fmedia&parent=1186"}],"curies":[{"name":"wp","href":"https:\/\/api.w.org\/{rel}","templated":true}]}}