{"id":1119,"date":"2019-09-26T11:33:59","date_gmt":"2019-09-26T11:33:59","guid":{"rendered":"http:\/\/beta.knihovnamb.cz\/?page_id=1119"},"modified":"2026-04-22T08:40:46","modified_gmt":"2026-04-22T06:40:46","slug":"1119-2","status":"publish","type":"page","link":"https:\/\/www.knihovnamb.cz\/","title":{"rendered":""},"content":{"rendered":"\n<p class=\"has-luminous-vivid-amber-color has-text-color has-link-color has-medium-font-size wp-elements-289cba05307aebb2026d437b941f6512\">Nov\u00e1 aplikace Palmknihy je tady!<\/p>\n\n\n\n<p>Slu\u017eba eV\u00fdp\u016fj\u010dky m\u00e1 novou modern\u00ed aplikaci Palmknihy \u2013 rychlej\u0161\u00ed, p\u0159ehledn\u011bj\u0161\u00ed a pohodln\u011bj\u0161\u00ed. Va\u0161e v\u00fdp\u016fj\u010dky i zakoupen\u00e9 tituly z\u016fst\u00e1vaj\u00ed zachov\u00e1ny, nep\u0159en\u00e1\u0161ej\u00ed se jen osobn\u00ed \u00fadaje jako roze\u010dtenost, z\u00e1lo\u017eky \u010di pozn\u00e1mky.<br>Star\u00e1 aplikace bude fungovat je\u0161t\u011b n\u011bkolik m\u011bs\u00edc\u016f, proto doporu\u010dujeme p\u0159ej\u00edt na novou co nejd\u0159\u00edve.<br><\/p>\n\n\n\n<p>Technick\u00e1 podpora Palmknihy: podpora@palmknihy.cz | +420 731 159 973<br>U\u017eijte si pohodln\u00e9 \u010dten\u00ed a poslech!<br><\/p>\n\n\n\n<figure class=\"wp-block-gallery has-nested-images columns-default is-cropped wp-block-gallery-1 is-layout-flex wp-block-gallery-is-layout-flex\">\n<figure class=\"wp-block-image size-large\"><img loading=\"lazy\" decoding=\"async\" width=\"1024\" height=\"1024\" data-id=\"3949\" src=\"https:\/\/www.knihovnamb.cz\/wp-content\/uploads\/2026\/04\/Nova-aplikace_1080x1080_6-1024x1024.jpg\" alt=\"\" class=\"wp-image-3949\" srcset=\"https:\/\/www.knihovnamb.cz\/wp-content\/uploads\/2026\/04\/Nova-aplikace_1080x1080_6-1024x1024.jpg 1024w, https:\/\/www.knihovnamb.cz\/wp-content\/uploads\/2026\/04\/Nova-aplikace_1080x1080_6-300x300.jpg 300w, https:\/\/www.knihovnamb.cz\/wp-content\/uploads\/2026\/04\/Nova-aplikace_1080x1080_6-150x150.jpg 150w, https:\/\/www.knihovnamb.cz\/wp-content\/uploads\/2026\/04\/Nova-aplikace_1080x1080_6-768x768.jpg 768w, https:\/\/www.knihovnamb.cz\/wp-content\/uploads\/2026\/04\/Nova-aplikace_1080x1080_6.jpg 1080w\" sizes=\"auto, (max-width: 1024px) 100vw, 1024px\" \/><\/figure>\n<\/figure>\n\n\n\n<hr class=\"wp-block-separator has-alpha-channel-opacity\"\/>\n\n\n\n<!--nextpage-->\n\n\n\n<hr class=\"wp-block-separator has-alpha-channel-opacity\"\/>\n\n\n\n<div class=\"wp-block-columns is-layout-flex wp-container-core-columns-is-layout-9d6595d7 wp-block-columns-is-layout-flex\">\n<div class=\"wp-block-column is-layout-flow wp-block-column-is-layout-flow\"><\/div>\n<\/div>\n\n\n\n<div class=\"wp-block-columns is-layout-flex wp-container-core-columns-is-layout-9d6595d7 wp-block-columns-is-layout-flex\">\n<div class=\"wp-block-column is-layout-flow wp-block-column-is-layout-flow\"><\/div>\n<\/div>\n\n\n\n<p><\/p>\n\n\n\n<p><\/p>\n\n\n\n<p><\/p>\n\n\n\n<p><\/p>\n\n\n\n<p><\/p>\n\n\n\n<p><\/p>\n\n\n\n<p><\/p>\n\n\n\n<p><\/p>\n\n\n\n<p><\/p>\n\n\n\n<p><\/p>\n\n\n\n<p><\/p>\n\n\n\n<p><\/p>\n\n\n\n<hr class=\"wp-block-separator has-alpha-channel-opacity\"\/>\n\n\n\n<p><\/p>\n\n\n\n<p><\/p>\n\n\n\n<p><\/p>\n\n\n\n<p><\/p>\n\n\n\n<div class=\"wp-block-columns is-layout-flex wp-container-core-columns-is-layout-9d6595d7 wp-block-columns-is-layout-flex\">\n<div class=\"wp-block-column is-layout-flow wp-block-column-is-layout-flow\"><\/div>\n\n\n\n<div class=\"wp-block-column is-layout-flow wp-block-column-is-layout-flow\"><\/div>\n<\/div>\n\n\n\n<p><\/p>\n\n\n\n<p><\/p>\n\n\n\n<p><\/p>\n\n\n\n<div class=\"wp-block-columns is-layout-flex wp-container-core-columns-is-layout-9d6595d7 wp-block-columns-is-layout-flex\">\n<div class=\"wp-block-column is-layout-flow wp-block-column-is-layout-flow\" style=\"flex-basis:100%\"><\/div>\n<\/div>\n\n\n\n<div class=\"wp-block-columns is-layout-flex wp-container-core-columns-is-layout-9d6595d7 wp-block-columns-is-layout-flex\">\n<div class=\"wp-block-column is-layout-flow wp-block-column-is-layout-flow\"><\/div>\n\n\n\n<div class=\"wp-block-column is-layout-flow wp-block-column-is-layout-flow\"><\/div>\n\n\n\n<div class=\"wp-block-column is-layout-flow wp-block-column-is-layout-flow\"><\/div>\n\n\n\n<div class=\"wp-block-column is-layout-flow wp-block-column-is-layout-flow\"><\/div>\n\n\n\n<div class=\"wp-block-column is-layout-flow wp-block-column-is-layout-flow\"><\/div>\n<\/div>\n\n\n\n<div class=\"wp-block-columns has-5-columns is-layout-flex wp-container-core-columns-is-layout-9d6595d7 wp-block-columns-is-layout-flex\">\n<div class=\"wp-block-column is-layout-flow wp-block-column-is-layout-flow\"><\/div>\n\n\n\n<div class=\"wp-block-column is-layout-flow wp-block-column-is-layout-flow\"><\/div>\n\n\n\n<div class=\"wp-block-column is-layout-flow wp-block-column-is-layout-flow\"><\/div>\n\n\n\n<div class=\"wp-block-column is-layout-flow wp-block-column-is-layout-flow\"><\/div>\n\n\n\n<div class=\"wp-block-column is-layout-flow wp-block-column-is-layout-flow\"><\/div>\n<\/div>\n\n\n\n<p><\/p>\n","protected":false},"excerpt":{"rendered":"<p>Nov\u00e1 aplikace Palmknihy je tady! Slu\u017eba eV\u00fdp\u016fj\u010dky m\u00e1 novou modern\u00ed aplikaci Palmknihy \u2013 rychlej\u0161\u00ed, p\u0159ehledn\u011bj\u0161\u00ed a pohodln\u011bj\u0161\u00ed. Va\u0161e v\u00fdp\u016fj\u010dky i zakoupen\u00e9 tituly z\u016fst\u00e1vaj\u00ed zachov\u00e1ny, nep\u0159en\u00e1\u0161ej\u00ed se jen osobn\u00ed \u00fadaje jako roze\u010dtenost, z\u00e1lo\u017eky \u010di pozn\u00e1mky.Star\u00e1 aplikace bude fungovat je\u0161t\u011b n\u011bkolik m\u011bs\u00edc\u016f, proto doporu\u010dujeme p\u0159ej\u00edt na novou co nejd\u0159\u00edve. Technick\u00e1 podpora Palmknihy: podpora@palmknihy.cz | +420 731 159 [&hellip;]<\/p>\n","protected":false},"author":1,"featured_media":0,"parent":0,"menu_order":0,"comment_status":"closed","ping_status":"closed","template":"","meta":{"footnotes":""},"class_list":["post-1119","page","type-page","status-publish","hentry"],"_links":{"self":[{"href":"https:\/\/www.knihovnamb.cz\/index.php?rest_route=\/wp\/v2\/pages\/1119","targetHints":{"allow":["GET"]}}],"collection":[{"href":"https:\/\/www.knihovnamb.cz\/index.php?rest_route=\/wp\/v2\/pages"}],"about":[{"href":"https:\/\/www.knihovnamb.cz\/index.php?rest_route=\/wp\/v2\/types\/page"}],"author":[{"embeddable":true,"href":"https:\/\/www.knihovnamb.cz\/index.php?rest_route=\/wp\/v2\/users\/1"}],"replies":[{"embeddable":true,"href":"https:\/\/www.knihovnamb.cz\/index.php?rest_route=%2Fwp%2Fv2%2Fcomments&post=1119"}],"version-history":[{"count":932,"href":"https:\/\/www.knihovnamb.cz\/index.php?rest_route=\/wp\/v2\/pages\/1119\/revisions"}],"predecessor-version":[{"id":3974,"href":"https:\/\/www.knihovnamb.cz\/index.php?rest_route=\/wp\/v2\/pages\/1119\/revisions\/3974"}],"wp:attachment":[{"href":"https:\/\/www.knihovnamb.cz\/index.php?rest_route=%2Fwp%2Fv2%2Fmedia&parent=1119"}],"curies":[{"name":"wp","href":"https:\/\/api.w.org\/{rel}","templated":true}]}}