{"id":1092,"date":"2019-09-26T09:32:33","date_gmt":"2019-09-26T09:32:33","guid":{"rendered":"http:\/\/beta.knihovnamb.cz\/?page_id=1092"},"modified":"2025-09-17T07:53:39","modified_gmt":"2025-09-17T05:53:39","slug":"mvs","status":"publish","type":"page","link":"https:\/\/www.knihovnamb.cz\/?page_id=1092","title":{"rendered":"MVS"},"content":{"rendered":"\n<p>E-mail:\u00a0<em><a aria-label=\" (otev\u0159e se na nov\u00e9 z\u00e1lo\u017ece)\" href=\"mailto:mvs@knihovnamb.cz\" target=\"_blank\" rel=\"noreferrer noopener\">m<\/a><\/em><a aria-label=\" (otev\u0159e se na nov\u00e9 z\u00e1lo\u017ece)\" href=\"mailto:mvs@knihovnamb.cz\" target=\"_blank\" rel=\"noreferrer noopener\">vs@<\/a><em><a aria-label=\" (otev\u0159e se na nov\u00e9 z\u00e1lo\u017ece)\" href=\"mailto:mvs@knihovnamb.cz\" target=\"_blank\" rel=\"noreferrer noopener\">knihovnamb.cz<\/a><\/em>\u00a0<br>Telefon:\u00a0<strong>568 408 397<\/strong><\/p>\n\n\n\n<hr class=\"wp-block-separator has-css-opacity\"\/>\n\n\n\n<p><strong>Meziknihovn\u00ed v\u00fdp\u016fj\u010dn\u00ed slu\u017eba&nbsp;(MVS) <\/strong><\/p>\n\n\n\n<p>\u2013  pokud nejsou V\u00e1mi \u017e\u00e1dan\u00e9 dokumenty ve fondu M\u011bstsk\u00e9 knihovny Moravsk\u00e9 Bud\u011bjovice, m\u016f\u017eete si je prost\u0159ednictv\u00edm meziknihovn\u00ed v\u00fdp\u016fj\u010dn\u00ed slu\u017eby p\u016fj\u010dit (pop\u0159. po\u0159\u00eddit kopii) z fondu jin\u00e9 knihovny v \u010cR.  <\/p>\n\n\n\n<p>Poplatek za slu\u017ebu je 70 K\u010d ( n\u00e1klady na po\u0161tovn\u00e9 a baln\u00e9 jednoho dokumentu) viz <a href=\"http:\/\/beta.knihovnamb.cz\/?page_id=967\">cen\u00edk<\/a>&nbsp;MKMB.  <\/p>\n\n\n\n<p>O dostupnosti knihy v\u00e1s budeme informovat sms \u010di e-mailem, lh\u016fta doru\u010den\u00ed dokumentu je d\u00e1na jeho dostupnost\u00ed v \u017e\u00e1dan\u00e9 knihovn\u011b a doru\u010den\u00ed po\u0161tou.&nbsp; <\/p>\n\n\n\n<p class=\"has-vivid-cyan-blue-color has-text-color\">V\u00fdp\u016fj\u010dn\u00ed doba po\u017eadovan\u00e9ho dokumentu je 30 dn\u016f! Upom\u00ednky za nedodr\u017een\u00ed v\u00fdp\u016fj\u010dn\u00ed doby jsou stanoveny dle platn\u00e9ho cen\u00edku  p\u016fj\u010duj\u00edc\u00ed knihovny!&nbsp;  <\/p>\n\n\n\n<p>V p\u0159\u00edpad\u011b, \u017ee dokument nen\u00ed v \u017e\u00e1dn\u00e9 knihovn\u011b na \u00fazem\u00ed \u010cR, m\u016f\u017ee knihovna zprost\u0159edkovat v\u00fdp\u016fj\u010dku ze zahrani\u010d\u00ed prost\u0159ednictv\u00edm&nbsp;<strong>Mezin\u00e1rodn\u00ed meziknihovn\u00ed v\u00fdp\u016fj\u010dn\u00ed slu\u017eby (MMVS).<\/strong> Cenu i d\u00e9lku v\u00fdp\u016fj\u010dn\u00ed doby si stanov\u00ed p\u016fj\u010duj\u00edc\u00ed knihovna.  <\/p>\n\n\n\n<p><\/p>\n","protected":false},"excerpt":{"rendered":"<p>E-mail:\u00a0mvs@knihovnamb.cz\u00a0Telefon:\u00a0568 408 397 Meziknihovn\u00ed v\u00fdp\u016fj\u010dn\u00ed slu\u017eba&nbsp;(MVS) \u2013 pokud nejsou V\u00e1mi \u017e\u00e1dan\u00e9 dokumenty ve fondu M\u011bstsk\u00e9 knihovny Moravsk\u00e9 Bud\u011bjovice, m\u016f\u017eete si je prost\u0159ednictv\u00edm meziknihovn\u00ed v\u00fdp\u016fj\u010dn\u00ed slu\u017eby p\u016fj\u010dit (pop\u0159. po\u0159\u00eddit kopii) z fondu jin\u00e9 knihovny v \u010cR. Poplatek za slu\u017ebu je 70 K\u010d ( n\u00e1klady na po\u0161tovn\u00e9 a baln\u00e9 jednoho dokumentu) viz cen\u00edk&nbsp;MKMB. O dostupnosti knihy v\u00e1s [&hellip;]<\/p>\n","protected":false},"author":1,"featured_media":0,"parent":0,"menu_order":0,"comment_status":"closed","ping_status":"closed","template":"","meta":{"footnotes":""},"class_list":["post-1092","page","type-page","status-publish","hentry"],"_links":{"self":[{"href":"https:\/\/www.knihovnamb.cz\/index.php?rest_route=\/wp\/v2\/pages\/1092","targetHints":{"allow":["GET"]}}],"collection":[{"href":"https:\/\/www.knihovnamb.cz\/index.php?rest_route=\/wp\/v2\/pages"}],"about":[{"href":"https:\/\/www.knihovnamb.cz\/index.php?rest_route=\/wp\/v2\/types\/page"}],"author":[{"embeddable":true,"href":"https:\/\/www.knihovnamb.cz\/index.php?rest_route=\/wp\/v2\/users\/1"}],"replies":[{"embeddable":true,"href":"https:\/\/www.knihovnamb.cz\/index.php?rest_route=%2Fwp%2Fv2%2Fcomments&post=1092"}],"version-history":[{"count":23,"href":"https:\/\/www.knihovnamb.cz\/index.php?rest_route=\/wp\/v2\/pages\/1092\/revisions"}],"predecessor-version":[{"id":3779,"href":"https:\/\/www.knihovnamb.cz\/index.php?rest_route=\/wp\/v2\/pages\/1092\/revisions\/3779"}],"wp:attachment":[{"href":"https:\/\/www.knihovnamb.cz\/index.php?rest_route=%2Fwp%2Fv2%2Fmedia&parent=1092"}],"curies":[{"name":"wp","href":"https:\/\/api.w.org\/{rel}","templated":true}]}}