{"id":1044,"date":"2019-09-25T13:29:27","date_gmt":"2019-09-25T13:29:27","guid":{"rendered":"http:\/\/beta.knihovnamb.cz\/?page_id=1044"},"modified":"2019-10-11T16:49:16","modified_gmt":"2019-10-11T14:49:16","slug":"biblioschranka-2","status":"publish","type":"page","link":"https:\/\/www.knihovnamb.cz\/?page_id=1044","title":{"rendered":"Biblioschr\u00e1nka"},"content":{"rendered":"\n<p>Biblioschr\u00e1nka umo\u017e\u0148uje \u010dten\u00e1\u0159\u016fm vracet vyp\u016fj\u010den\u00e9 knihy 24 hodin denn\u011b, 7 dn\u00ed v t\u00fddnu.<\/p>\n\n\n\n<p><strong>Pravidla pro pou\u017eit\u00ed biblioschr\u00e1nky:<\/strong><\/p>\n\n\n\n<ul class=\"wp-block-list\"><li>Knihy se do schr\u00e1nky vkl\u00e1daj\u00ed jednotliv\u011b a v\u017edy h\u0159betem nap\u0159ed<\/li><li>Do biblioschr\u00e1nky lze vracet pouze dokumenty zap\u016fj\u010den\u00e9 v MK Moravsk\u00e9 Bud\u011bjovice<\/li><li>Kn\u00ed\u017eky vhozen\u00e9 do biblioschr\u00e1nky V\u00e1m odep\u00ed\u0161eme ze \u010dten\u00e1\u0159sk\u00e9ho konta nejpozd\u011bji n\u00e1sleduj\u00edc\u00ed pracovn\u00ed den<\/li><li>Pokud hod\u00edte kn\u00ed\u017eky do schr\u00e1nky po uplynut\u00ed v\u00fdp\u016fj\u010dn\u00ed doby, poplatky za upom\u00ednky od V\u00e1s vybereme p\u0159i p\u0159\u00ed\u0161t\u00ed n\u00e1v\u0161t\u011bv\u011b<\/li><\/ul>\n\n\n\n<div class=\"wp-block-image\"><figure class=\"aligncenter is-resized\"><img loading=\"lazy\" decoding=\"async\" src=\"https:\/\/www.knihovnamb.cz\/wp-content\/uploads\/2019\/10\/biblioschr-768x1024.jpg\" alt=\"\" class=\"wp-image-1263\" width=\"354\" height=\"472\" srcset=\"https:\/\/www.knihovnamb.cz\/wp-content\/uploads\/2019\/10\/biblioschr-768x1024.jpg 768w, https:\/\/www.knihovnamb.cz\/wp-content\/uploads\/2019\/10\/biblioschr-225x300.jpg 225w\" sizes=\"auto, (max-width: 354px) 100vw, 354px\" \/><\/figure><\/div>\n","protected":false},"excerpt":{"rendered":"<p>Biblioschr\u00e1nka umo\u017e\u0148uje \u010dten\u00e1\u0159\u016fm vracet vyp\u016fj\u010den\u00e9 knihy 24 hodin denn\u011b, 7 dn\u00ed v t\u00fddnu. Pravidla pro pou\u017eit\u00ed biblioschr\u00e1nky: Knihy se do schr\u00e1nky vkl\u00e1daj\u00ed jednotliv\u011b a v\u017edy h\u0159betem nap\u0159ed Do biblioschr\u00e1nky lze vracet pouze dokumenty zap\u016fj\u010den\u00e9 v MK Moravsk\u00e9 Bud\u011bjovice Kn\u00ed\u017eky vhozen\u00e9 do biblioschr\u00e1nky V\u00e1m odep\u00ed\u0161eme ze \u010dten\u00e1\u0159sk\u00e9ho konta nejpozd\u011bji n\u00e1sleduj\u00edc\u00ed pracovn\u00ed den Pokud hod\u00edte kn\u00ed\u017eky do [&hellip;]<\/p>\n","protected":false},"author":1,"featured_media":0,"parent":334,"menu_order":0,"comment_status":"closed","ping_status":"closed","template":"","meta":{"footnotes":""},"class_list":["post-1044","page","type-page","status-publish","hentry"],"_links":{"self":[{"href":"https:\/\/www.knihovnamb.cz\/index.php?rest_route=\/wp\/v2\/pages\/1044","targetHints":{"allow":["GET"]}}],"collection":[{"href":"https:\/\/www.knihovnamb.cz\/index.php?rest_route=\/wp\/v2\/pages"}],"about":[{"href":"https:\/\/www.knihovnamb.cz\/index.php?rest_route=\/wp\/v2\/types\/page"}],"author":[{"embeddable":true,"href":"https:\/\/www.knihovnamb.cz\/index.php?rest_route=\/wp\/v2\/users\/1"}],"replies":[{"embeddable":true,"href":"https:\/\/www.knihovnamb.cz\/index.php?rest_route=%2Fwp%2Fv2%2Fcomments&post=1044"}],"version-history":[{"count":10,"href":"https:\/\/www.knihovnamb.cz\/index.php?rest_route=\/wp\/v2\/pages\/1044\/revisions"}],"predecessor-version":[{"id":1292,"href":"https:\/\/www.knihovnamb.cz\/index.php?rest_route=\/wp\/v2\/pages\/1044\/revisions\/1292"}],"up":[{"embeddable":true,"href":"https:\/\/www.knihovnamb.cz\/index.php?rest_route=\/wp\/v2\/pages\/334"}],"wp:attachment":[{"href":"https:\/\/www.knihovnamb.cz\/index.php?rest_route=%2Fwp%2Fv2%2Fmedia&parent=1044"}],"curies":[{"name":"wp","href":"https:\/\/api.w.org\/{rel}","templated":true}]}}